{"id":10,"date":"2025-12-29T22:26:34","date_gmt":"2025-12-29T21:26:34","guid":{"rendered":"https:\/\/wrobelki2026.pl\/?page_id=10"},"modified":"2026-01-09T09:31:18","modified_gmt":"2026-01-09T08:31:18","slug":"przeslij-zdjecia","status":"publish","type":"page","link":"https:\/\/wrobelki2026.pl\/","title":{"rendered":"Prze\u015blij zdj\u0119cia"},"content":{"rendered":"\t\t<div data-elementor-type=\"wp-page\" data-elementor-id=\"10\" class=\"elementor elementor-10\" data-elementor-post-type=\"page\">\n\t\t\t\t<div class=\"elementor-element elementor-element-bdb92b9 e-con-full e-flex e-con e-parent\" data-id=\"bdb92b9\" data-element_type=\"container\">\n\t\t\t\t<div class=\"elementor-element elementor-element-70be26f elementor-widget elementor-widget-heading\" data-id=\"70be26f\" data-element_type=\"widget\" data-widget_type=\"heading.default\">\n\t\t\t\t\t<h2 class=\"elementor-heading-title elementor-size-default\">Aneta &amp; Andrzej<\/h2>\t\t\t\t<\/div>\n\t\t\t\t<div class=\"elementor-element elementor-element-449fe8d elementor-widget-mobile__width-initial elementor-widget elementor-widget-text-editor\" data-id=\"449fe8d\" data-element_type=\"widget\" data-widget_type=\"text-editor.default\">\n\t\t\t\t\t\t\t\t\t<p>Cze\u015b\u0107 tu Wr\u00f3belki!<br>Podziel si\u0119 z nami swoim wspomnieniem<\/p>\t\t\t\t\t\t\t\t<\/div>\n\t\t\t\t<div class=\"elementor-element elementor-element-f819199 elementor-mobile-align-center elementor-widget elementor-widget-button\" data-id=\"f819199\" data-element_type=\"widget\" data-widget_type=\"button.default\">\n\t\t\t\t\t\t\t\t\t\t<a class=\"elementor-button elementor-button-link elementor-size-sm\" href=\"https:\/\/docs.google.com\/forms\/d\/e\/1FAIpQLSel-EcHlwklJc4GMlwpThnpFTFsp6UJ3iiOdvBGX3Ip0Pa5yw\/viewform\">\n\t\t\t\t\t\t<span class=\"elementor-button-content-wrapper\">\n\t\t\t\t\t\t\t\t\t<span class=\"elementor-button-text\">Prze\u015blij zdj\u0119cie<\/span>\n\t\t\t\t\t<\/span>\n\t\t\t\t\t<\/a>\n\t\t\t\t\t\t\t\t<\/div>\n\t\t\t\t<div class=\"elementor-element elementor-element-6ea0e99 elementor-widget elementor-widget-n-carousel\" data-id=\"6ea0e99\" data-element_type=\"widget\" data-settings=\"{&quot;carousel_items&quot;:[{&quot;slide_title&quot;:&quot;Slide #1&quot;,&quot;_id&quot;:&quot;63f5733&quot;},{&quot;slide_title&quot;:&quot;Slide #1&quot;,&quot;_id&quot;:&quot;7782d2b&quot;},{&quot;slide_title&quot;:&quot;Slide #2&quot;,&quot;_id&quot;:&quot;2e72dbe&quot;},{&quot;slide_title&quot;:&quot;Slide #3&quot;,&quot;_id&quot;:&quot;932df60&quot;},{&quot;slide_title&quot;:&quot;Slide #3&quot;,&quot;_id&quot;:&quot;d64ae75&quot;},{&quot;slide_title&quot;:&quot;Slide #3&quot;,&quot;_id&quot;:&quot;46dfb4e&quot;},{&quot;slide_title&quot;:&quot;Slide #3&quot;,&quot;_id&quot;:&quot;70c35e2&quot;},{&quot;slide_title&quot;:&quot;Slide #3&quot;,&quot;_id&quot;:&quot;5baf0f2&quot;},{&quot;slide_title&quot;:&quot;Slide #3&quot;,&quot;_id&quot;:&quot;9c24b1b&quot;},{&quot;slide_title&quot;:&quot;Slide #3&quot;,&quot;_id&quot;:&quot;b7c9bc8&quot;}],&quot;slides_to_show_tablet&quot;:&quot;2&quot;,&quot;slides_to_show_mobile&quot;:&quot;1&quot;,&quot;autoplay&quot;:&quot;yes&quot;,&quot;autoplay_speed&quot;:5000,&quot;pause_on_hover&quot;:&quot;yes&quot;,&quot;pause_on_interaction&quot;:&quot;yes&quot;,&quot;infinite&quot;:&quot;yes&quot;,&quot;speed&quot;:500,&quot;offset_sides&quot;:&quot;none&quot;,&quot;image_spacing_custom&quot;:{&quot;unit&quot;:&quot;px&quot;,&quot;size&quot;:10,&quot;sizes&quot;:[]},&quot;image_spacing_custom_tablet&quot;:{&quot;unit&quot;:&quot;px&quot;,&quot;size&quot;:&quot;&quot;,&quot;sizes&quot;:[]},&quot;image_spacing_custom_mobile&quot;:{&quot;unit&quot;:&quot;px&quot;,&quot;size&quot;:&quot;&quot;,&quot;sizes&quot;:[]}}\" data-widget_type=\"nested-carousel.default\">\n\t\t\t\t\t\t\t<div class=\"e-n-carousel swiper\" role=\"region\" aria-roledescription=\"carousel\" aria-label=\"Carousel\" dir=\"ltr\">\n\t\t\t<div class=\"swiper-wrapper\" aria-live=\"off\">\n\t\t\t\t\t\t\t\t\t\t<div class=\"swiper-slide\" data-slide=\"1\" role=\"group\" aria-roledescription=\"slide\" aria-label=\"1 of 10\">\n\t\t\t\t\t\t\t<div class=\"elementor-element elementor-element-c3dad13 e-flex e-con-boxed e-con e-child\" data-id=\"c3dad13\" data-element_type=\"container\">\n\t\t\t\t\t<div class=\"e-con-inner\">\n\t\t<div class=\"elementor-element elementor-element-04459ed e-con-full e-flex e-con e-child\" data-id=\"04459ed\" data-element_type=\"container\">\n\t\t\t\t<div class=\"elementor-element elementor-element-142b1a1 elementor-widget elementor-widget-image\" data-id=\"142b1a1\" data-element_type=\"widget\" data-widget_type=\"image.default\">\n\t\t\t\t\t\t\t\t\t\t\t\t\t\t\t<img fetchpriority=\"high\" decoding=\"async\" width=\"713\" height=\"1024\" src=\"https:\/\/wrobelki2026.pl\/wp-content\/uploads\/2026\/01\/zdjecie9116-2-713x1024.png\" class=\"attachment-large size-large wp-image-104\" alt=\"\" srcset=\"https:\/\/wrobelki2026.pl\/wp-content\/uploads\/2026\/01\/zdjecie9116-2-713x1024.png 713w, https:\/\/wrobelki2026.pl\/wp-content\/uploads\/2026\/01\/zdjecie9116-2-209x300.png 209w, https:\/\/wrobelki2026.pl\/wp-content\/uploads\/2026\/01\/zdjecie9116-2-768x1103.png 768w, https:\/\/wrobelki2026.pl\/wp-content\/uploads\/2026\/01\/zdjecie9116-2-1069x1536.png 1069w, https:\/\/wrobelki2026.pl\/wp-content\/uploads\/2026\/01\/zdjecie9116-2.png 1179w\" sizes=\"(max-width: 713px) 100vw, 713px\" \/>\t\t\t\t\t\t\t\t\t\t\t\t\t\t\t<\/div>\n\t\t\t\t<\/div>\n\t\t\t\t\t<\/div>\n\t\t\t\t<\/div>\n\t\t\t\t\t\t\t\t<\/div>\n\t\t\t\t\t\t\t\t\t\t\t<div class=\"swiper-slide\" data-slide=\"2\" role=\"group\" aria-roledescription=\"slide\" aria-label=\"2 of 10\">\n\t\t\t\t\t\t\t<div class=\"elementor-element elementor-element-077debe e-flex e-con-boxed e-con e-child\" data-id=\"077debe\" data-element_type=\"container\">\n\t\t\t\t\t<div class=\"e-con-inner\">\n\t\t<div class=\"elementor-element elementor-element-f762146 e-con-full e-flex e-con e-child\" data-id=\"f762146\" data-element_type=\"container\">\n\t\t\t\t<div class=\"elementor-element elementor-element-a6dcb24 elementor-widget elementor-widget-image\" data-id=\"a6dcb24\" data-element_type=\"widget\" data-widget_type=\"image.default\">\n\t\t\t\t\t\t\t\t\t\t\t\t\t\t\t<img decoding=\"async\" width=\"768\" height=\"1024\" src=\"https:\/\/wrobelki2026.pl\/wp-content\/uploads\/2026\/01\/IMG_8595-768x1024.jpg\" class=\"attachment-large size-large wp-image-74\" alt=\"\" srcset=\"https:\/\/wrobelki2026.pl\/wp-content\/uploads\/2026\/01\/IMG_8595-768x1024.jpg 768w, https:\/\/wrobelki2026.pl\/wp-content\/uploads\/2026\/01\/IMG_8595-225x300.jpg 225w, https:\/\/wrobelki2026.pl\/wp-content\/uploads\/2026\/01\/IMG_8595-1152x1536.jpg 1152w, https:\/\/wrobelki2026.pl\/wp-content\/uploads\/2026\/01\/IMG_8595-1536x2048.jpg 1536w, https:\/\/wrobelki2026.pl\/wp-content\/uploads\/2026\/01\/IMG_8595-scaled.jpg 1920w\" sizes=\"(max-width: 768px) 100vw, 768px\" \/>\t\t\t\t\t\t\t\t\t\t\t\t\t\t\t<\/div>\n\t\t\t\t<\/div>\n\t\t\t\t\t<\/div>\n\t\t\t\t<\/div>\n\t\t\t\t\t\t\t\t<\/div>\n\t\t\t\t\t\t\t\t\t\t\t<div class=\"swiper-slide\" data-slide=\"3\" role=\"group\" aria-roledescription=\"slide\" aria-label=\"3 of 10\">\n\t\t\t\t\t\t\t<div class=\"elementor-element elementor-element-6bfded9 e-flex e-con-boxed e-con e-child\" data-id=\"6bfded9\" data-element_type=\"container\">\n\t\t\t\t\t<div class=\"e-con-inner\">\n\t\t<div class=\"elementor-element elementor-element-196bc9d e-con-full e-flex e-con e-child\" data-id=\"196bc9d\" data-element_type=\"container\">\n\t\t\t\t<div class=\"elementor-element elementor-element-1f4a6a4 elementor-widget elementor-widget-image\" data-id=\"1f4a6a4\" data-element_type=\"widget\" data-widget_type=\"image.default\">\n\t\t\t\t\t\t\t\t\t\t\t\t\t\t\t<img decoding=\"async\" width=\"1024\" height=\"768\" src=\"https:\/\/wrobelki2026.pl\/wp-content\/uploads\/2026\/01\/IMG_1507-1024x768.jpg\" class=\"attachment-large size-large wp-image-73\" alt=\"\" srcset=\"https:\/\/wrobelki2026.pl\/wp-content\/uploads\/2026\/01\/IMG_1507-1024x768.jpg 1024w, https:\/\/wrobelki2026.pl\/wp-content\/uploads\/2026\/01\/IMG_1507-300x225.jpg 300w, https:\/\/wrobelki2026.pl\/wp-content\/uploads\/2026\/01\/IMG_1507-768x576.jpg 768w, https:\/\/wrobelki2026.pl\/wp-content\/uploads\/2026\/01\/IMG_1507-1536x1152.jpg 1536w, https:\/\/wrobelki2026.pl\/wp-content\/uploads\/2026\/01\/IMG_1507-2048x1536.jpg 2048w\" sizes=\"(max-width: 1024px) 100vw, 1024px\" \/>\t\t\t\t\t\t\t\t\t\t\t\t\t\t\t<\/div>\n\t\t\t\t<\/div>\n\t\t\t\t\t<\/div>\n\t\t\t\t<\/div>\n\t\t\t\t\t\t\t\t<\/div>\n\t\t\t\t\t\t\t\t\t\t\t<div class=\"swiper-slide\" data-slide=\"4\" role=\"group\" aria-roledescription=\"slide\" aria-label=\"4 of 10\">\n\t\t\t\t\t\t\t<div class=\"elementor-element elementor-element-0587a21 e-flex e-con-boxed e-con e-child\" data-id=\"0587a21\" data-element_type=\"container\">\n\t\t\t\t\t<div class=\"e-con-inner\">\n\t\t<div class=\"elementor-element elementor-element-fdd9034 e-con-full e-flex e-con e-child\" data-id=\"fdd9034\" data-element_type=\"container\">\n\t\t\t\t<div class=\"elementor-element elementor-element-1674c20 elementor-widget elementor-widget-image\" data-id=\"1674c20\" data-element_type=\"widget\" data-widget_type=\"image.default\">\n\t\t\t\t\t\t\t\t\t\t\t\t\t\t\t<img loading=\"lazy\" decoding=\"async\" width=\"768\" height=\"1024\" src=\"https:\/\/wrobelki2026.pl\/wp-content\/uploads\/2026\/01\/IMG_5212-768x1024.jpg\" class=\"attachment-large size-large wp-image-71\" alt=\"\" srcset=\"https:\/\/wrobelki2026.pl\/wp-content\/uploads\/2026\/01\/IMG_5212-768x1024.jpg 768w, https:\/\/wrobelki2026.pl\/wp-content\/uploads\/2026\/01\/IMG_5212-225x300.jpg 225w, https:\/\/wrobelki2026.pl\/wp-content\/uploads\/2026\/01\/IMG_5212-1152x1536.jpg 1152w, https:\/\/wrobelki2026.pl\/wp-content\/uploads\/2026\/01\/IMG_5212-1536x2048.jpg 1536w, https:\/\/wrobelki2026.pl\/wp-content\/uploads\/2026\/01\/IMG_5212-scaled.jpg 1920w\" sizes=\"(max-width: 768px) 100vw, 768px\" \/>\t\t\t\t\t\t\t\t\t\t\t\t\t\t\t<\/div>\n\t\t\t\t<\/div>\n\t\t\t\t\t<\/div>\n\t\t\t\t<\/div>\n\t\t\t\t\t\t\t\t<\/div>\n\t\t\t\t\t\t\t\t\t\t\t<div class=\"swiper-slide\" data-slide=\"5\" role=\"group\" aria-roledescription=\"slide\" aria-label=\"5 of 10\">\n\t\t\t\t\t\t\t<div class=\"elementor-element elementor-element-44bc210 e-flex e-con-boxed e-con e-child\" data-id=\"44bc210\" data-element_type=\"container\">\n\t\t\t\t\t<div class=\"e-con-inner\">\n\t\t<div class=\"elementor-element elementor-element-31139e8 e-con-full e-flex e-con e-child\" data-id=\"31139e8\" data-element_type=\"container\">\n\t\t\t\t<div class=\"elementor-element elementor-element-72a787c elementor-widget elementor-widget-image\" data-id=\"72a787c\" data-element_type=\"widget\" data-widget_type=\"image.default\">\n\t\t\t\t\t\t\t\t\t\t\t\t\t\t\t<img loading=\"lazy\" decoding=\"async\" width=\"1024\" height=\"768\" src=\"https:\/\/wrobelki2026.pl\/wp-content\/uploads\/2026\/01\/IMG_8911-1024x768.jpg\" class=\"attachment-large size-large wp-image-69\" alt=\"\" srcset=\"https:\/\/wrobelki2026.pl\/wp-content\/uploads\/2026\/01\/IMG_8911-1024x768.jpg 1024w, https:\/\/wrobelki2026.pl\/wp-content\/uploads\/2026\/01\/IMG_8911-300x225.jpg 300w, https:\/\/wrobelki2026.pl\/wp-content\/uploads\/2026\/01\/IMG_8911-768x576.jpg 768w, https:\/\/wrobelki2026.pl\/wp-content\/uploads\/2026\/01\/IMG_8911-1536x1152.jpg 1536w, https:\/\/wrobelki2026.pl\/wp-content\/uploads\/2026\/01\/IMG_8911-2048x1536.jpg 2048w\" sizes=\"(max-width: 1024px) 100vw, 1024px\" \/>\t\t\t\t\t\t\t\t\t\t\t\t\t\t\t<\/div>\n\t\t\t\t<\/div>\n\t\t\t\t\t<\/div>\n\t\t\t\t<\/div>\n\t\t\t\t\t\t\t\t<\/div>\n\t\t\t\t\t\t\t\t\t\t\t<div class=\"swiper-slide\" data-slide=\"6\" role=\"group\" aria-roledescription=\"slide\" aria-label=\"6 of 10\">\n\t\t\t\t\t\t\t<div class=\"elementor-element elementor-element-9421526 e-flex e-con-boxed e-con e-child\" data-id=\"9421526\" data-element_type=\"container\">\n\t\t\t\t\t<div class=\"e-con-inner\">\n\t\t<div class=\"elementor-element elementor-element-f692e68 e-con-full e-flex e-con e-child\" data-id=\"f692e68\" data-element_type=\"container\">\n\t\t\t\t<div class=\"elementor-element elementor-element-c836390 elementor-widget elementor-widget-image\" data-id=\"c836390\" data-element_type=\"widget\" data-widget_type=\"image.default\">\n\t\t\t\t\t\t\t\t\t\t\t\t\t\t\t<img loading=\"lazy\" decoding=\"async\" width=\"768\" height=\"1024\" src=\"https:\/\/wrobelki2026.pl\/wp-content\/uploads\/2026\/01\/IMG_9034-768x1024.jpg\" class=\"attachment-large size-large wp-image-68\" alt=\"\" srcset=\"https:\/\/wrobelki2026.pl\/wp-content\/uploads\/2026\/01\/IMG_9034-768x1024.jpg 768w, https:\/\/wrobelki2026.pl\/wp-content\/uploads\/2026\/01\/IMG_9034-225x300.jpg 225w, https:\/\/wrobelki2026.pl\/wp-content\/uploads\/2026\/01\/IMG_9034-1152x1536.jpg 1152w, https:\/\/wrobelki2026.pl\/wp-content\/uploads\/2026\/01\/IMG_9034-1536x2048.jpg 1536w, https:\/\/wrobelki2026.pl\/wp-content\/uploads\/2026\/01\/IMG_9034-scaled.jpg 1920w\" sizes=\"(max-width: 768px) 100vw, 768px\" \/>\t\t\t\t\t\t\t\t\t\t\t\t\t\t\t<\/div>\n\t\t\t\t<\/div>\n\t\t\t\t\t<\/div>\n\t\t\t\t<\/div>\n\t\t\t\t\t\t\t\t<\/div>\n\t\t\t\t\t\t\t\t\t\t\t<div class=\"swiper-slide\" data-slide=\"7\" role=\"group\" aria-roledescription=\"slide\" aria-label=\"7 of 10\">\n\t\t\t\t\t\t\t<div class=\"elementor-element elementor-element-073c2b3 e-flex e-con-boxed e-con e-child\" data-id=\"073c2b3\" data-element_type=\"container\">\n\t\t\t\t\t<div class=\"e-con-inner\">\n\t\t<div class=\"elementor-element elementor-element-5790609 e-con-full e-flex e-con e-child\" data-id=\"5790609\" data-element_type=\"container\">\n\t\t\t\t<div class=\"elementor-element elementor-element-e79260d elementor-widget elementor-widget-image\" data-id=\"e79260d\" data-element_type=\"widget\" data-widget_type=\"image.default\">\n\t\t\t\t\t\t\t\t\t\t\t\t\t\t\t<img loading=\"lazy\" decoding=\"async\" width=\"768\" height=\"1024\" src=\"https:\/\/wrobelki2026.pl\/wp-content\/uploads\/2026\/01\/IMG_5182-768x1024.jpg\" class=\"attachment-large size-large wp-image-67\" alt=\"\" srcset=\"https:\/\/wrobelki2026.pl\/wp-content\/uploads\/2026\/01\/IMG_5182-768x1024.jpg 768w, https:\/\/wrobelki2026.pl\/wp-content\/uploads\/2026\/01\/IMG_5182-225x300.jpg 225w, https:\/\/wrobelki2026.pl\/wp-content\/uploads\/2026\/01\/IMG_5182-1152x1536.jpg 1152w, https:\/\/wrobelki2026.pl\/wp-content\/uploads\/2026\/01\/IMG_5182-1536x2048.jpg 1536w, https:\/\/wrobelki2026.pl\/wp-content\/uploads\/2026\/01\/IMG_5182-scaled.jpg 1920w\" sizes=\"(max-width: 768px) 100vw, 768px\" \/>\t\t\t\t\t\t\t\t\t\t\t\t\t\t\t<\/div>\n\t\t\t\t<\/div>\n\t\t\t\t\t<\/div>\n\t\t\t\t<\/div>\n\t\t\t\t\t\t\t\t<\/div>\n\t\t\t\t\t\t\t\t\t\t\t<div class=\"swiper-slide\" data-slide=\"8\" role=\"group\" aria-roledescription=\"slide\" aria-label=\"8 of 10\">\n\t\t\t\t\t\t\t<div class=\"elementor-element elementor-element-c4f7a93 e-flex e-con-boxed e-con e-child\" data-id=\"c4f7a93\" data-element_type=\"container\">\n\t\t\t\t\t<div class=\"e-con-inner\">\n\t\t<div class=\"elementor-element elementor-element-11150bd e-con-full e-flex e-con e-child\" data-id=\"11150bd\" data-element_type=\"container\">\n\t\t\t\t<div class=\"elementor-element elementor-element-ee2af42 elementor-widget elementor-widget-image\" data-id=\"ee2af42\" data-element_type=\"widget\" data-widget_type=\"image.default\">\n\t\t\t\t\t\t\t\t\t\t\t\t\t\t\t<img loading=\"lazy\" decoding=\"async\" width=\"768\" height=\"1024\" src=\"https:\/\/wrobelki2026.pl\/wp-content\/uploads\/2026\/01\/WhatsApp-Image-2026-01-08-at-01.49.53-768x1024.jpeg\" class=\"attachment-large size-large wp-image-142\" alt=\"\" srcset=\"https:\/\/wrobelki2026.pl\/wp-content\/uploads\/2026\/01\/WhatsApp-Image-2026-01-08-at-01.49.53-768x1024.jpeg 768w, https:\/\/wrobelki2026.pl\/wp-content\/uploads\/2026\/01\/WhatsApp-Image-2026-01-08-at-01.49.53-225x300.jpeg 225w, https:\/\/wrobelki2026.pl\/wp-content\/uploads\/2026\/01\/WhatsApp-Image-2026-01-08-at-01.49.53-1152x1536.jpeg 1152w, https:\/\/wrobelki2026.pl\/wp-content\/uploads\/2026\/01\/WhatsApp-Image-2026-01-08-at-01.49.53.jpeg 1200w\" sizes=\"(max-width: 768px) 100vw, 768px\" \/>\t\t\t\t\t\t\t\t\t\t\t\t\t\t\t<\/div>\n\t\t\t\t<\/div>\n\t\t\t\t\t<\/div>\n\t\t\t\t<\/div>\n\t\t\t\t\t\t\t\t<\/div>\n\t\t\t\t\t\t\t\t\t\t\t<div class=\"swiper-slide\" data-slide=\"9\" role=\"group\" aria-roledescription=\"slide\" aria-label=\"9 of 10\">\n\t\t\t\t\t\t\t<div class=\"elementor-element elementor-element-ece1707 e-flex e-con-boxed e-con e-child\" data-id=\"ece1707\" data-element_type=\"container\">\n\t\t\t\t\t<div class=\"e-con-inner\">\n\t\t<div class=\"elementor-element elementor-element-53acfba e-con-full e-flex e-con e-child\" data-id=\"53acfba\" data-element_type=\"container\">\n\t\t\t\t<div class=\"elementor-element elementor-element-b933ad2 elementor-widget elementor-widget-image\" data-id=\"b933ad2\" data-element_type=\"widget\" data-widget_type=\"image.default\">\n\t\t\t\t\t\t\t\t\t\t\t\t\t\t\t<img loading=\"lazy\" decoding=\"async\" width=\"768\" height=\"1024\" src=\"https:\/\/wrobelki2026.pl\/wp-content\/uploads\/2026\/01\/WhatsApp-Image-2026-01-08-at-01.53.02-768x1024.jpeg\" class=\"attachment-large size-large wp-image-146\" alt=\"\" srcset=\"https:\/\/wrobelki2026.pl\/wp-content\/uploads\/2026\/01\/WhatsApp-Image-2026-01-08-at-01.53.02-768x1024.jpeg 768w, https:\/\/wrobelki2026.pl\/wp-content\/uploads\/2026\/01\/WhatsApp-Image-2026-01-08-at-01.53.02-225x300.jpeg 225w, https:\/\/wrobelki2026.pl\/wp-content\/uploads\/2026\/01\/WhatsApp-Image-2026-01-08-at-01.53.02-1152x1536.jpeg 1152w, https:\/\/wrobelki2026.pl\/wp-content\/uploads\/2026\/01\/WhatsApp-Image-2026-01-08-at-01.53.02.jpeg 1200w\" sizes=\"(max-width: 768px) 100vw, 768px\" \/>\t\t\t\t\t\t\t\t\t\t\t\t\t\t\t<\/div>\n\t\t\t\t<\/div>\n\t\t\t\t\t<\/div>\n\t\t\t\t<\/div>\n\t\t\t\t\t\t\t\t<\/div>\n\t\t\t\t\t\t\t\t\t\t\t<div class=\"swiper-slide\" data-slide=\"10\" role=\"group\" aria-roledescription=\"slide\" aria-label=\"10 of 10\">\n\t\t\t\t\t\t\t<div class=\"elementor-element elementor-element-1bec3f2 e-flex e-con-boxed e-con e-child\" data-id=\"1bec3f2\" data-element_type=\"container\">\n\t\t\t\t\t<div class=\"e-con-inner\">\n\t\t<div class=\"elementor-element elementor-element-026cf0a e-con-full e-flex e-con e-child\" data-id=\"026cf0a\" data-element_type=\"container\">\n\t\t\t\t<div class=\"elementor-element elementor-element-4137de6 elementor-widget elementor-widget-image\" data-id=\"4137de6\" data-element_type=\"widget\" data-widget_type=\"image.default\">\n\t\t\t\t\t\t\t\t\t\t\t\t\t\t\t<img loading=\"lazy\" decoding=\"async\" width=\"768\" height=\"1024\" src=\"https:\/\/wrobelki2026.pl\/wp-content\/uploads\/2026\/01\/WhatsApp-Image-2026-01-08-at-01.55.56-768x1024.jpeg\" class=\"attachment-large size-large wp-image-150\" alt=\"\" srcset=\"https:\/\/wrobelki2026.pl\/wp-content\/uploads\/2026\/01\/WhatsApp-Image-2026-01-08-at-01.55.56-768x1024.jpeg 768w, https:\/\/wrobelki2026.pl\/wp-content\/uploads\/2026\/01\/WhatsApp-Image-2026-01-08-at-01.55.56-225x300.jpeg 225w, https:\/\/wrobelki2026.pl\/wp-content\/uploads\/2026\/01\/WhatsApp-Image-2026-01-08-at-01.55.56-1152x1536.jpeg 1152w, https:\/\/wrobelki2026.pl\/wp-content\/uploads\/2026\/01\/WhatsApp-Image-2026-01-08-at-01.55.56.jpeg 1200w\" sizes=\"(max-width: 768px) 100vw, 768px\" \/>\t\t\t\t\t\t\t\t\t\t\t\t\t\t\t<\/div>\n\t\t\t\t<\/div>\n\t\t\t\t\t<\/div>\n\t\t\t\t<\/div>\n\t\t\t\t\t\t\t\t<\/div>\n\t\t\t\t\t\t\t\t<\/div>\n\t\t<\/div>\n\t\t\t\t\t\t<\/div>\n\t\t\t\t<\/div>\n\t\t\t\t<\/div>\n\t\t","protected":false},"excerpt":{"rendered":"<p>Aneta &amp; Andrzej Cze\u015b\u0107 tu Wr\u00f3belki!Podziel si\u0119 z nami swoim wspomnieniem Prze\u015blij zdj\u0119cie<\/p>\n","protected":false},"author":1,"featured_media":0,"parent":0,"menu_order":0,"comment_status":"closed","ping_status":"closed","template":"","meta":{"site-sidebar-layout":"no-sidebar","site-content-layout":"","ast-site-content-layout":"full-width-container","site-content-style":"default","site-sidebar-style":"default","ast-global-header-display":"","ast-banner-title-visibility":"","ast-main-header-display":"","ast-hfb-above-header-display":"","ast-hfb-below-header-display":"","ast-hfb-mobile-header-display":"","site-post-title":"","ast-breadcrumbs-content":"","ast-featured-img":"disabled","footer-sml-layout":"","ast-disable-related-posts":"","theme-transparent-header-meta":"","adv-header-id-meta":"","stick-header-meta":"","header-above-stick-meta":"","header-main-stick-meta":"","header-below-stick-meta":"","astra-migrate-meta-layouts":"default","ast-page-background-enabled":"default","ast-page-background-meta":{"desktop":{"background-color":"var(--ast-global-color-5)","background-image":"","background-repeat":"repeat","background-position":"center center","background-size":"auto","background-attachment":"scroll","background-type":"","background-media":"","overlay-type":"","overlay-color":"","overlay-opacity":"","overlay-gradient":""},"tablet":{"background-color":"","background-image":"","background-repeat":"repeat","background-position":"center center","background-size":"auto","background-attachment":"scroll","background-type":"","background-media":"","overlay-type":"","overlay-color":"","overlay-opacity":"","overlay-gradient":""},"mobile":{"background-color":"","background-image":"","background-repeat":"repeat","background-position":"center center","background-size":"auto","background-attachment":"scroll","background-type":"","background-media":"","overlay-type":"","overlay-color":"","overlay-opacity":"","overlay-gradient":""}},"ast-content-background-meta":{"desktop":{"background-color":"var(--ast-global-color-4)","background-image":"","background-repeat":"repeat","background-position":"center center","background-size":"auto","background-attachment":"scroll","background-type":"","background-media":"","overlay-type":"","overlay-color":"","overlay-opacity":"","overlay-gradient":""},"tablet":{"background-color":"var(--ast-global-color-4)","background-image":"","background-repeat":"repeat","background-position":"center center","background-size":"auto","background-attachment":"scroll","background-type":"","background-media":"","overlay-type":"","overlay-color":"","overlay-opacity":"","overlay-gradient":""},"mobile":{"background-color":"var(--ast-global-color-4)","background-image":"","background-repeat":"repeat","background-position":"center center","background-size":"auto","background-attachment":"scroll","background-type":"","background-media":"","overlay-type":"","overlay-color":"","overlay-opacity":"","overlay-gradient":""}},"footnotes":""},"class_list":["post-10","page","type-page","status-publish","hentry"],"_links":{"self":[{"href":"https:\/\/wrobelki2026.pl\/index.php?rest_route=\/wp\/v2\/pages\/10","targetHints":{"allow":["GET"]}}],"collection":[{"href":"https:\/\/wrobelki2026.pl\/index.php?rest_route=\/wp\/v2\/pages"}],"about":[{"href":"https:\/\/wrobelki2026.pl\/index.php?rest_route=\/wp\/v2\/types\/page"}],"author":[{"embeddable":true,"href":"https:\/\/wrobelki2026.pl\/index.php?rest_route=\/wp\/v2\/users\/1"}],"replies":[{"embeddable":true,"href":"https:\/\/wrobelki2026.pl\/index.php?rest_route=%2Fwp%2Fv2%2Fcomments&post=10"}],"version-history":[{"count":115,"href":"https:\/\/wrobelki2026.pl\/index.php?rest_route=\/wp\/v2\/pages\/10\/revisions"}],"predecessor-version":[{"id":153,"href":"https:\/\/wrobelki2026.pl\/index.php?rest_route=\/wp\/v2\/pages\/10\/revisions\/153"}],"wp:attachment":[{"href":"https:\/\/wrobelki2026.pl\/index.php?rest_route=%2Fwp%2Fv2%2Fmedia&parent=10"}],"curies":[{"name":"wp","href":"https:\/\/api.w.org\/{rel}","templated":true}]}}